{"id":2079,"date":"2022-02-25T12:09:53","date_gmt":"2022-02-25T11:09:53","guid":{"rendered":"https:\/\/www.sghotel-group.com\/?page_id=2079"},"modified":"2022-03-07T16:31:43","modified_gmt":"2022-03-07T15:31:43","slug":"thermenurlaub","status":"publish","type":"page","link":"https:\/\/www.sghotel-group.com\/de\/thermenurlaub\/","title":{"rendered":"Thermenurlaub"},"content":{"rendered":"<p>Hier sorgen Wasser und Fango der Thermen, das berauschende Gr\u00fcn der W\u00e4lder, die k\u00f6stliche, nach Wein schmeckende Luft daf\u00fcr, dass Sie sich wie neugeboren f\u00fchlen. Unsere Sinne gehen ganz in den Naturelementen auf.<\/p>\n","protected":false},"excerpt":{"rendered":"<p>Hier sorgen Wasser und Fango der Thermen, das berauschende Gr\u00fcn der W\u00e4lder, die k\u00f6stliche, nach Wein schmeckende Luft daf\u00fcr, dass Sie sich wie neugeboren f\u00fchlen. Unsere Sinne gehen ganz in den Naturelementen auf.<\/p>\n","protected":false},"author":1,"featured_media":2028,"parent":0,"menu_order":0,"comment_status":"closed","ping_status":"closed","template":"page-destinazioni.php","meta":{"inline_featured_image":false},"yst_prominent_words":[],"acf":[],"_links":{"self":[{"href":"https:\/\/www.sghotel-group.com\/de\/wp-json\/wp\/v2\/pages\/2079"}],"collection":[{"href":"https:\/\/www.sghotel-group.com\/de\/wp-json\/wp\/v2\/pages"}],"about":[{"href":"https:\/\/www.sghotel-group.com\/de\/wp-json\/wp\/v2\/types\/page"}],"author":[{"embeddable":true,"href":"https:\/\/www.sghotel-group.com\/de\/wp-json\/wp\/v2\/users\/1"}],"replies":[{"embeddable":true,"href":"https:\/\/www.sghotel-group.com\/de\/wp-json\/wp\/v2\/comments?post=2079"}],"version-history":[{"count":4,"href":"https:\/\/www.sghotel-group.com\/de\/wp-json\/wp\/v2\/pages\/2079\/revisions"}],"predecessor-version":[{"id":3177,"href":"https:\/\/www.sghotel-group.com\/de\/wp-json\/wp\/v2\/pages\/2079\/revisions\/3177"}],"wp:featuredmedia":[{"embeddable":true,"href":"https:\/\/www.sghotel-group.com\/de\/wp-json\/wp\/v2\/media\/2028"}],"wp:attachment":[{"href":"https:\/\/www.sghotel-group.com\/de\/wp-json\/wp\/v2\/media?parent=2079"}],"wp:term":[{"taxonomy":"yst_prominent_words","embeddable":true,"href":"https:\/\/www.sghotel-group.com\/de\/wp-json\/wp\/v2\/yst_prominent_words?post=2079"}],"curies":[{"name":"wp","href":"https:\/\/api.w.org\/{rel}","templated":true}]}}