{"id":2084,"date":"2022-02-25T12:13:27","date_gmt":"2022-02-25T11:13:27","guid":{"rendered":"https:\/\/www.sghotel-group.com\/?page_id=2084"},"modified":"2022-08-12T15:23:27","modified_gmt":"2022-08-12T13:23:27","slug":"urlaub-an-der-riviera","status":"publish","type":"page","link":"https:\/\/www.sghotel-group.com\/de\/urlaub-an-der-riviera\/","title":{"rendered":"Urlaub an der Riviera"},"content":{"rendered":"<p>Das an Sehensw\u00fcrdigkeiten reiche Land, das Padua und Venedig verbindet, in dem der Fluss friedlich dahinflie\u00dft und die Zeit wie in einer unausl\u00f6schlichen Erinnerung zum Stillstand kommt.<\/p>\n","protected":false},"excerpt":{"rendered":"<p>Das an Sehensw\u00fcrdigkeiten reiche Land, das Padua und Venedig verbindet, in dem der Fluss friedlich dahinflie\u00dft und die Zeit wie in einer unausl\u00f6schlichen Erinnerung zum Stillstand kommt.<\/p>\n","protected":false},"author":1,"featured_media":2027,"parent":0,"menu_order":0,"comment_status":"closed","ping_status":"closed","template":"page-destinazioni.php","meta":{"inline_featured_image":false},"yst_prominent_words":[],"acf":[],"_links":{"self":[{"href":"https:\/\/www.sghotel-group.com\/de\/wp-json\/wp\/v2\/pages\/2084"}],"collection":[{"href":"https:\/\/www.sghotel-group.com\/de\/wp-json\/wp\/v2\/pages"}],"about":[{"href":"https:\/\/www.sghotel-group.com\/de\/wp-json\/wp\/v2\/types\/page"}],"author":[{"embeddable":true,"href":"https:\/\/www.sghotel-group.com\/de\/wp-json\/wp\/v2\/users\/1"}],"replies":[{"embeddable":true,"href":"https:\/\/www.sghotel-group.com\/de\/wp-json\/wp\/v2\/comments?post=2084"}],"version-history":[{"count":4,"href":"https:\/\/www.sghotel-group.com\/de\/wp-json\/wp\/v2\/pages\/2084\/revisions"}],"predecessor-version":[{"id":3843,"href":"https:\/\/www.sghotel-group.com\/de\/wp-json\/wp\/v2\/pages\/2084\/revisions\/3843"}],"wp:featuredmedia":[{"embeddable":true,"href":"https:\/\/www.sghotel-group.com\/de\/wp-json\/wp\/v2\/media\/2027"}],"wp:attachment":[{"href":"https:\/\/www.sghotel-group.com\/de\/wp-json\/wp\/v2\/media?parent=2084"}],"wp:term":[{"taxonomy":"yst_prominent_words","embeddable":true,"href":"https:\/\/www.sghotel-group.com\/de\/wp-json\/wp\/v2\/yst_prominent_words?post=2084"}],"curies":[{"name":"wp","href":"https:\/\/api.w.org\/{rel}","templated":true}]}}