{"id":2092,"date":"2022-02-25T12:31:43","date_gmt":"2022-02-25T11:31:43","guid":{"rendered":"https:\/\/www.sghotel-group.com\/?page_id=2092"},"modified":"2022-03-07T16:28:10","modified_gmt":"2022-03-07T15:28:10","slug":"urlaub-am-see","status":"publish","type":"page","link":"https:\/\/www.sghotel-group.com\/de\/urlaub-am-see\/","title":{"rendered":"Urlaub am See"},"content":{"rendered":"<p>Der Gardasee, Juwel zwischen dem Gebirge und dem Flachland. Hier verl\u00e4uft die Zeit so sanft wie die H\u00fcgel, und wird nicht mehr in Sekunden gez\u00e4hlt, sondern in Momenten.<\/p>\n","protected":false},"excerpt":{"rendered":"<p>Der Gardasee, Juwel zwischen dem Gebirge und dem Flachland. Hier verl\u00e4uft die Zeit so sanft wie die H\u00fcgel, und wird nicht mehr in Sekunden gez\u00e4hlt, sondern in Momenten.<\/p>\n","protected":false},"author":1,"featured_media":2030,"parent":0,"menu_order":0,"comment_status":"closed","ping_status":"closed","template":"page-destinazioni.php","meta":{"inline_featured_image":false},"yst_prominent_words":[],"acf":[],"_links":{"self":[{"href":"https:\/\/www.sghotel-group.com\/de\/wp-json\/wp\/v2\/pages\/2092"}],"collection":[{"href":"https:\/\/www.sghotel-group.com\/de\/wp-json\/wp\/v2\/pages"}],"about":[{"href":"https:\/\/www.sghotel-group.com\/de\/wp-json\/wp\/v2\/types\/page"}],"author":[{"embeddable":true,"href":"https:\/\/www.sghotel-group.com\/de\/wp-json\/wp\/v2\/users\/1"}],"replies":[{"embeddable":true,"href":"https:\/\/www.sghotel-group.com\/de\/wp-json\/wp\/v2\/comments?post=2092"}],"version-history":[{"count":3,"href":"https:\/\/www.sghotel-group.com\/de\/wp-json\/wp\/v2\/pages\/2092\/revisions"}],"predecessor-version":[{"id":3175,"href":"https:\/\/www.sghotel-group.com\/de\/wp-json\/wp\/v2\/pages\/2092\/revisions\/3175"}],"wp:featuredmedia":[{"embeddable":true,"href":"https:\/\/www.sghotel-group.com\/de\/wp-json\/wp\/v2\/media\/2030"}],"wp:attachment":[{"href":"https:\/\/www.sghotel-group.com\/de\/wp-json\/wp\/v2\/media?parent=2092"}],"wp:term":[{"taxonomy":"yst_prominent_words","embeddable":true,"href":"https:\/\/www.sghotel-group.com\/de\/wp-json\/wp\/v2\/yst_prominent_words?post=2092"}],"curies":[{"name":"wp","href":"https:\/\/api.w.org\/{rel}","templated":true}]}}